{"id":9019,"date":"2020-03-22T23:26:23","date_gmt":"2020-03-23T02:26:23","guid":{"rendered":"https:\/\/avitoria.com.br\/wp\/password-reset\/"},"modified":"2024-02-26T12:12:08","modified_gmt":"2024-02-26T15:12:08","slug":"password-reset","status":"publish","type":"page","link":"https:\/\/www.avitoria.com.br\/wp\/minha-conta\/password-reset\/","title":{"rendered":"Trocar senha"},"content":{"rendered":"<p>[wp_eMember_password_reset]<\/p>\n","protected":false},"excerpt":{"rendered":"<p>[wp_eMember_password_reset]<\/p>\n","protected":false},"author":1,"featured_media":0,"parent":41,"menu_order":0,"comment_status":"closed","ping_status":"closed","template":"","meta":{"footnotes":""},"class_list":["post-9019","page","type-page","status-publish","hentry"],"yoast_head":"<!-- This site is optimized with the Yoast SEO plugin v24.1 - https:\/\/yoast.com\/wordpress\/plugins\/seo\/ -->\n<title>Trocar senha - A Vit\u00f3ria : Sobreviv\u00eancia, Sobrevivencialismo, Seguran\u00e7a, Prepara\u00e7\u00e3o, Autossufici\u00eancia, Bushcraft.<\/title>\n<meta name=\"robots\" content=\"index, follow, max-snippet:-1, max-image-preview:large, max-video-preview:-1\" \/>\n<link rel=\"canonical\" href=\"https:\/\/www.avitoria.com.br\/wp\/password-reset\/\" \/>\n<meta property=\"og:locale\" content=\"pt_BR\" \/>\n<meta property=\"og:type\" content=\"article\" \/>\n<meta property=\"og:title\" content=\"Trocar senha - A Vit\u00f3ria : Sobreviv\u00eancia, Sobrevivencialismo, Seguran\u00e7a, Prepara\u00e7\u00e3o, Autossufici\u00eancia, Bushcraft.\" \/>\n<meta property=\"og:description\" content=\"[wp_eMember_password_reset]\" \/>\n<meta property=\"og:url\" content=\"https:\/\/www.avitoria.com.br\/wp\/password-reset\/\" \/>\n<meta property=\"og:site_name\" content=\"A Vit\u00f3ria : Sobreviv\u00eancia, Sobrevivencialismo, Seguran\u00e7a, Prepara\u00e7\u00e3o, Autossufici\u00eancia, Bushcraft.\" \/>\n<meta property=\"article:publisher\" content=\"https:\/\/www.facebook.com\/A-Vit%c3%b3ria-200439089974301\/\" \/>\n<meta property=\"article:modified_time\" content=\"2024-02-26T15:12:08+00:00\" \/>\n<meta name=\"twitter:card\" content=\"summary_large_image\" \/>\n<script type=\"application\/ld+json\" class=\"yoast-schema-graph\">{\"@context\":\"https:\/\/schema.org\",\"@graph\":[{\"@type\":\"WebPage\",\"@id\":\"https:\/\/www.avitoria.com.br\/wp\/password-reset\/\",\"url\":\"https:\/\/www.avitoria.com.br\/wp\/password-reset\/\",\"name\":\"Trocar senha - A Vit\u00f3ria : Sobreviv\u00eancia, Sobrevivencialismo, Seguran\u00e7a, Prepara\u00e7\u00e3o, Autossufici\u00eancia, Bushcraft.\",\"isPartOf\":{\"@id\":\"https:\/\/www.avitoria.com.br\/wp\/#website\"},\"datePublished\":\"2020-03-23T02:26:23+00:00\",\"dateModified\":\"2024-02-26T15:12:08+00:00\",\"breadcrumb\":{\"@id\":\"https:\/\/www.avitoria.com.br\/wp\/password-reset\/#breadcrumb\"},\"inLanguage\":\"pt-BR\",\"potentialAction\":[{\"@type\":\"ReadAction\",\"target\":[\"https:\/\/www.avitoria.com.br\/wp\/password-reset\/\"]}]},{\"@type\":\"BreadcrumbList\",\"@id\":\"https:\/\/www.avitoria.com.br\/wp\/password-reset\/#breadcrumb\",\"itemListElement\":[{\"@type\":\"ListItem\",\"position\":1,\"name\":\"In\u00edcio\",\"item\":\"https:\/\/www.avitoria.com.br\/wp\/\"},{\"@type\":\"ListItem\",\"position\":2,\"name\":\"Trocar senha\"}]},{\"@type\":\"WebSite\",\"@id\":\"https:\/\/www.avitoria.com.br\/wp\/#website\",\"url\":\"https:\/\/www.avitoria.com.br\/wp\/\",\"name\":\"A Vit\u00f3ria : Sobreviv\u00eancia, Sobrevivencialismo, Seguran\u00e7a, Prepara\u00e7\u00e3o, Autossufici\u00eancia, Bushcraft.\",\"description\":\"Seguran\u00e7a, Sobreviv\u00eancia, Sobrevivencialismo, prepara\u00e7\u00e3o e autossufici\u00eancia.\",\"publisher\":{\"@id\":\"https:\/\/www.avitoria.com.br\/wp\/#organization\"},\"potentialAction\":[{\"@type\":\"SearchAction\",\"target\":{\"@type\":\"EntryPoint\",\"urlTemplate\":\"https:\/\/www.avitoria.com.br\/wp\/?s={search_term_string}\"},\"query-input\":{\"@type\":\"PropertyValueSpecification\",\"valueRequired\":true,\"valueName\":\"search_term_string\"}}],\"inLanguage\":\"pt-BR\"},{\"@type\":\"Organization\",\"@id\":\"https:\/\/www.avitoria.com.br\/wp\/#organization\",\"name\":\"A Vit\u00f3ria\",\"url\":\"https:\/\/www.avitoria.com.br\/wp\/\",\"logo\":{\"@type\":\"ImageObject\",\"inLanguage\":\"pt-BR\",\"@id\":\"https:\/\/www.avitoria.com.br\/wp\/#\/schema\/logo\/image\/\",\"url\":\"https:\/\/www.avitoria.com.br\/wp\/wp-content\/uploads\/Logo_AVITORIA_5_1000.png\",\"contentUrl\":\"https:\/\/www.avitoria.com.br\/wp\/wp-content\/uploads\/Logo_AVITORIA_5_1000.png\",\"width\":1000,\"height\":148,\"caption\":\"A Vit\u00f3ria\"},\"image\":{\"@id\":\"https:\/\/www.avitoria.com.br\/wp\/#\/schema\/logo\/image\/\"},\"sameAs\":[\"https:\/\/www.facebook.com\/A-Vit\u00f3ria-200439089974301\/\",\"https:\/\/www.instagram.com\/sobrevivencia_urbana_no_brasil\/\"]}]}<\/script>\n<!-- \/ Yoast SEO plugin. -->","yoast_head_json":{"title":"Trocar senha - A Vit\u00f3ria : Sobreviv\u00eancia, Sobrevivencialismo, Seguran\u00e7a, Prepara\u00e7\u00e3o, Autossufici\u00eancia, Bushcraft.","robots":{"index":"index","follow":"follow","max-snippet":"max-snippet:-1","max-image-preview":"max-image-preview:large","max-video-preview":"max-video-preview:-1"},"canonical":"https:\/\/www.avitoria.com.br\/wp\/password-reset\/","og_locale":"pt_BR","og_type":"article","og_title":"Trocar senha - A Vit\u00f3ria : Sobreviv\u00eancia, Sobrevivencialismo, Seguran\u00e7a, Prepara\u00e7\u00e3o, Autossufici\u00eancia, Bushcraft.","og_description":"[wp_eMember_password_reset]","og_url":"https:\/\/www.avitoria.com.br\/wp\/password-reset\/","og_site_name":"A Vit\u00f3ria : Sobreviv\u00eancia, Sobrevivencialismo, Seguran\u00e7a, Prepara\u00e7\u00e3o, Autossufici\u00eancia, Bushcraft.","article_publisher":"https:\/\/www.facebook.com\/A-Vit%c3%b3ria-200439089974301\/","article_modified_time":"2024-02-26T15:12:08+00:00","twitter_card":"summary_large_image","schema":{"@context":"https:\/\/schema.org","@graph":[{"@type":"WebPage","@id":"https:\/\/www.avitoria.com.br\/wp\/password-reset\/","url":"https:\/\/www.avitoria.com.br\/wp\/password-reset\/","name":"Trocar senha - A Vit\u00f3ria : Sobreviv\u00eancia, Sobrevivencialismo, Seguran\u00e7a, Prepara\u00e7\u00e3o, Autossufici\u00eancia, Bushcraft.","isPartOf":{"@id":"https:\/\/www.avitoria.com.br\/wp\/#website"},"datePublished":"2020-03-23T02:26:23+00:00","dateModified":"2024-02-26T15:12:08+00:00","breadcrumb":{"@id":"https:\/\/www.avitoria.com.br\/wp\/password-reset\/#breadcrumb"},"inLanguage":"pt-BR","potentialAction":[{"@type":"ReadAction","target":["https:\/\/www.avitoria.com.br\/wp\/password-reset\/"]}]},{"@type":"BreadcrumbList","@id":"https:\/\/www.avitoria.com.br\/wp\/password-reset\/#breadcrumb","itemListElement":[{"@type":"ListItem","position":1,"name":"In\u00edcio","item":"https:\/\/www.avitoria.com.br\/wp\/"},{"@type":"ListItem","position":2,"name":"Trocar senha"}]},{"@type":"WebSite","@id":"https:\/\/www.avitoria.com.br\/wp\/#website","url":"https:\/\/www.avitoria.com.br\/wp\/","name":"A Vit\u00f3ria : Sobreviv\u00eancia, Sobrevivencialismo, Seguran\u00e7a, Prepara\u00e7\u00e3o, Autossufici\u00eancia, Bushcraft.","description":"Seguran\u00e7a, Sobreviv\u00eancia, Sobrevivencialismo, prepara\u00e7\u00e3o e autossufici\u00eancia.","publisher":{"@id":"https:\/\/www.avitoria.com.br\/wp\/#organization"},"potentialAction":[{"@type":"SearchAction","target":{"@type":"EntryPoint","urlTemplate":"https:\/\/www.avitoria.com.br\/wp\/?s={search_term_string}"},"query-input":{"@type":"PropertyValueSpecification","valueRequired":true,"valueName":"search_term_string"}}],"inLanguage":"pt-BR"},{"@type":"Organization","@id":"https:\/\/www.avitoria.com.br\/wp\/#organization","name":"A Vit\u00f3ria","url":"https:\/\/www.avitoria.com.br\/wp\/","logo":{"@type":"ImageObject","inLanguage":"pt-BR","@id":"https:\/\/www.avitoria.com.br\/wp\/#\/schema\/logo\/image\/","url":"https:\/\/www.avitoria.com.br\/wp\/wp-content\/uploads\/Logo_AVITORIA_5_1000.png","contentUrl":"https:\/\/www.avitoria.com.br\/wp\/wp-content\/uploads\/Logo_AVITORIA_5_1000.png","width":1000,"height":148,"caption":"A Vit\u00f3ria"},"image":{"@id":"https:\/\/www.avitoria.com.br\/wp\/#\/schema\/logo\/image\/"},"sameAs":["https:\/\/www.facebook.com\/A-Vit\u00f3ria-200439089974301\/","https:\/\/www.instagram.com\/sobrevivencia_urbana_no_brasil\/"]}]}},"_links":{"self":[{"href":"https:\/\/www.avitoria.com.br\/wp\/wp-json\/wp\/v2\/pages\/9019","targetHints":{"allow":["GET"]}}],"collection":[{"href":"https:\/\/www.avitoria.com.br\/wp\/wp-json\/wp\/v2\/pages"}],"about":[{"href":"https:\/\/www.avitoria.com.br\/wp\/wp-json\/wp\/v2\/types\/page"}],"author":[{"embeddable":true,"href":"https:\/\/www.avitoria.com.br\/wp\/wp-json\/wp\/v2\/users\/1"}],"replies":[{"embeddable":true,"href":"https:\/\/www.avitoria.com.br\/wp\/wp-json\/wp\/v2\/comments?post=9019"}],"version-history":[{"count":1,"href":"https:\/\/www.avitoria.com.br\/wp\/wp-json\/wp\/v2\/pages\/9019\/revisions"}],"predecessor-version":[{"id":35211,"href":"https:\/\/www.avitoria.com.br\/wp\/wp-json\/wp\/v2\/pages\/9019\/revisions\/35211"}],"up":[{"embeddable":true,"href":"https:\/\/www.avitoria.com.br\/wp\/wp-json\/wp\/v2\/pages\/41"}],"wp:attachment":[{"href":"https:\/\/www.avitoria.com.br\/wp\/wp-json\/wp\/v2\/media?parent=9019"}],"curies":[{"name":"wp","href":"https:\/\/api.w.org\/{rel}","templated":true}]}}