{"id":37133,"date":"2022-04-01T10:45:48","date_gmt":"2022-04-01T13:45:48","guid":{"rendered":"https:\/\/avitoria.com.br\/wp\/?post_type=product&#038;p=37133"},"modified":"2022-04-01T10:59:51","modified_gmt":"2022-04-01T13:59:51","slug":"bug-out-evasao-e-fuga-4a-ed","status":"publish","type":"product","link":"https:\/\/www.avitoria.com.br\/wp\/produto\/bug-out-evasao-e-fuga-4a-ed\/","title":{"rendered":"Bug Out, Evas\u00e3o e Fuga &#8211; 4\u00aa ed"},"content":{"rendered":"<p><strong>Edi\u00e7\u00e3o:<\/strong>\u00a04\u00aa edi\u00e7\u00e3o.<\/p>\n<p><strong>Ano: <\/strong>2022<\/p>\n<p><strong>Autor:<\/strong> L\u00facio Resende.<\/p>\n<p><strong>Material:<\/strong> E-book para download.<\/p>\n<p><strong>Formato de arquivo:<\/strong> PDF.<\/p>\n<p><strong>Formato da p\u00e1gina:<\/strong> A4 (21 x 29,7 cm).<\/p>\n<p><strong>N\u00ba total de p\u00e1ginas:<\/strong> 123.<\/p>\n<p><strong>Links para pesquisa na Internet:<\/strong> mais de 410 links para bibliografia, websites, v\u00eddeos, not\u00edcias, canais no youtube, etc.!<\/p>\n<p>N\u00ba de revis\u00f5es: 1672.<\/p>\n<p><!--more--><\/p>\n<h2>Sum\u00e1rio<\/h2>\n<p><strong>N\u00ba &#8211; T\u00edtulo \/ P\u00e1gina<\/strong><\/p>\n<p>1 &#8211; Introdu\u00e7\u00e3o 11<br \/>\n1.1 &#8211; Fuga e Evas\u00e3o ou Aventura? 11<br \/>\n1.2 &#8211; Do que n\u00e3o se trata nessa li\u00e7\u00e3o 12<br \/>\n1.3 &#8211; Do que se trata nessa li\u00e7\u00e3o 12<br \/>\n1.4 &#8211; Bug out 12<br \/>\n1.4.1 &#8211; Ent\u00e3o porque algu\u00e9m, numa situa\u00e7\u00e3o de crise ou SHTF, n\u00e3o evadiria? 13<br \/>\n1.5 &#8211; Cativeiro de Sequestro 18<br \/>\n2 &#8211; Plano de evas\u00e3o 19<br \/>\n2.1 &#8211; 19 dicas para preparadores sobre plano de evas\u00e3o para crises do tipo SHTF 19<br \/>\n2.2 &#8211; Protocolos de Seguran\u00e7a durante uma evas\u00e3o 20<br \/>\n2.3 &#8211; Exemplos do que ensinar \u00e0s crian\u00e7as a partir de 4 anos de idade 21<br \/>\n3 &#8211; Como ficar pronto para sair de casa a qualquer momento sem previs\u00e3o de retorno 22<br \/>\n3.1 &#8211; A Corrente de evas\u00e3o 22<br \/>\n3.1.1 &#8211; Abrigo 22<br \/>\n3.1.2 &#8211; Alimenta\u00e7\u00e3o 23<br \/>\n3.1.3 &#8211; Clima\/Tempo 23<br \/>\n3.1.4 &#8211; Comunica\u00e7\u00e3o 23<br \/>\n3.1.5 &#8211; Dinheiro 24<br \/>\n3.1.6 &#8211; Energia 24<br \/>\n3.1.7 &#8211; Equipamento 25<br \/>\n3.1.8 &#8211; Grupo 25<br \/>\n3.1.9 &#8211; Habilidades 26<br \/>\n3.1.10 &#8211; Informa\u00e7\u00e3o 26<br \/>\n3.1.11 &#8211; Organiza\u00e7\u00e3o 26<br \/>\n3.1.12 &#8211; Preparo F\u00edsico 26<br \/>\n3.1.13 &#8211; Primeiros Socorros 27<br \/>\n3.1.14 &#8211; Rota de evas\u00e3o 27<br \/>\n3.1.15 &#8211; Sa\u00fade 27<br \/>\n3.1.16 &#8211; Seguran\u00e7a 28<br \/>\n3.1.17 &#8211; Transporte 28<br \/>\n3.2 &#8211; Quest\u00f5es sobre deixar a resid\u00eancia em uma situa\u00e7\u00e3o de crise do tipo SHTF 28<br \/>\n3.3 &#8211; Antes de deixar a sua resid\u00eancia 29<br \/>\n3.4 &#8211; Orienta\u00e7\u00f5es gerais para deixar um relacionamento abusivo 29<br \/>\n4 &#8211; Animais dom\u00e9sticos &#8211; levar ou n\u00e3o levar numa evas\u00e3o 31<br \/>\n4.1 &#8211; Como aumentar as chances de sobreviv\u00eancia de um animal abandonado 31<br \/>\n4.2 &#8211; C\u00e3es 32<br \/>\n5 &#8211; Como se deslocar durante uma crise do tipo SHTF 34<br \/>\n5.1 &#8211; Prepara\u00e7\u00e3o 34<br \/>\n5.2 &#8211; Informa\u00e7\u00e3o 34<br \/>\n5.3 &#8211; Comunica\u00e7\u00e3o 34<br \/>\n5.4 &#8211; Deslocamento ou evas\u00e3o a p\u00e9 34<br \/>\n5.4.1 &#8211; Deslocamento e transposi\u00e7\u00e3o de obst\u00e1culos 35<br \/>\n5.5 &#8211; Deslocamento ou evas\u00e3o em ve\u00edculos 45<br \/>\n6 &#8211; Como preparar seu ve\u00edculo para uma evas\u00e3o 46<br \/>\n6.1 &#8211; Bicicletas 46<br \/>\n6.2 &#8211; Motocicletas 47<br \/>\n6.3 &#8211; Carros 47<br \/>\n6.3.1 &#8211; Um carro equipado ideal para evas\u00e3o deveria ter as seguintes caracter\u00edsticas: 47<br \/>\n6.3.2 &#8211; Armazenamento de combust\u00edvel: Diesel x etanol x gasolina 49<br \/>\n6.3.3 &#8211; Equipamentos para um ve\u00edculo de evas\u00e3o terrestre 49<br \/>\n6.4 &#8211; Documenta\u00e7\u00e3o impressa e digitalizada 51<br \/>\n6.5 &#8211; Ve\u00edculos aqu\u00e1ticos 52<br \/>\n7 &#8211; Como fazer liga\u00e7\u00e3o direta em um carro 53<br \/>\n8 &#8211; Como se livrar de uma persegui\u00e7\u00e3o estando de carro 55<br \/>\n8.1 &#8211; Modo mais simples 55<br \/>\n8.2 &#8211; Modo mais arriscado 55<br \/>\n9 &#8211; Escapologia 56<br \/>\n9.1 &#8211; Como escapar de amarra\u00e7\u00f5es, fitas adesivas, presilhas e algemas 56<br \/>\n9.1.1 &#8211; Escapando de amarra\u00e7\u00f5es com cordas 56<br \/>\n9.1.2 &#8211; Escapando de fitas adesivas 56<br \/>\n9.1.3 &#8211; Escapando de presilhas abra\u00e7adeiras de nylon 57<br \/>\n9.1.4 &#8211; Escapando de algemas 57<br \/>\n9.1.4.1 &#8211; Como abrir algemas de a\u00e7o com grampo de cabelo 57<br \/>\n9.1.4.2 &#8211; Como abrir algemas de a\u00e7o com passador\/prendedor TIC TAC para cabelo 58<br \/>\n10 &#8211; Como abrir fechaduras sem a chave 59<br \/>\n11 &#8211; Como arrombar portas 60<br \/>\n11.1 &#8211; Ferramentas comumente utilizadas para arrombamento 60<br \/>\n12 &#8211; Como pular cercas e muros com e sem concertina 62<br \/>\n12.1 &#8211; Vari\u00e1veis dos obst\u00e1culos 64<br \/>\n12.1.1 &#8211; Tinta anti-escalada 65<br \/>\n13 &#8211; Algumas considera\u00e7\u00f5es sobre escalada e rappel 65<br \/>\n14 &#8211; Transposi\u00e7\u00e3o de cursos d&#8217;\u00e1gua 66<br \/>\n14.1 &#8211; Por tirolesa 66<br \/>\n14.2 &#8211; Por comando crown 66<br \/>\n14.3 &#8211; Por falsa baiana 67<br \/>\n14.4 &#8211; Por cabo submerso 67<br \/>\n14.5 &#8211; Vadeando 67<br \/>\n14.6 &#8211; Nadando 67<br \/>\n14.7 &#8211; Mergulhando 68<br \/>\n14.8 &#8211; Saltando 68<br \/>\n14.9 &#8211; Sobrevoando 69<br \/>\n14.10 &#8211; Flutuando 69<br \/>\n14.11 &#8211; Construindo um barquinho Coracle 69<br \/>\n14.12 &#8211; Construindo uma ponte 71<br \/>\n15 &#8211; Evas\u00e3o de multid\u00f5es 72<br \/>\n16 &#8211; Como desaparecer sem deixar rastros 73<br \/>\n16.1 &#8211; Apagando os rastros de suas origens 73<br \/>\n16.2 &#8211; A escolha de um destino 74<br \/>\n16.2.1 &#8211; Como escolher um local urbano melhor para morar 74<br \/>\n16.3 &#8211; Como se preparar para evadir para outro pa\u00eds 75<br \/>\n16.3.1 &#8211; Porque ter m\u00faltiplas nacionalidades 75<br \/>\n16.3.2 &#8211; Extradi\u00e7\u00e3o 76<br \/>\n16.4 &#8211; Prepara\u00e7\u00e3o e dissimula\u00e7\u00e3o da evas\u00e3o 77<br \/>\n16.5 &#8211; Fuga, evas\u00e3o e contrarrastreamento urbano 77<br \/>\n16.6 &#8211; CFTV 78<br \/>\n16.7 &#8211; Microfones 78<br \/>\n16.8 &#8211; Outros sensores especiais 79<br \/>\n16.9 &#8211; Nova identidade, mudan\u00e7a de h\u00e1bitos e vida nova 79<br \/>\n17 &#8211; Disfarce 81<br \/>\n18 &#8211; Camuflagem e maquiagem 82<br \/>\n18.1 &#8211; 10 dicas para camuflar movimentos e evas\u00e3o 82<br \/>\n19 &#8211; Prisioneiros de guerra e as conven\u00e7\u00f5es de Genebra 84<br \/>\n19.1 &#8211; As Conven\u00e7\u00f5es de Genebra 84<br \/>\n19.1.1 &#8211; Vers\u00e3o atual da Conven\u00e7\u00e3o de Genebra 84<br \/>\n20 &#8211; Sobreviv\u00eancia, Evas\u00e3o, Resist\u00eancia e Fuga 86<br \/>\n20.1 &#8211; Como frustrar uma tentativa de sequestro 86<br \/>\n20.2 &#8211; Durante a Captura ou Sequestro 86<br \/>\n20.3 &#8211; Ap\u00f3s a Captura ou Sequestro 87<br \/>\n20.4 &#8211; Resist\u00eancia 87<br \/>\n20.5 &#8211; Fuga 87<br \/>\n20.5.1 &#8211; Sinais de problemas 88<br \/>\n20.6 &#8211; Evas\u00e3o 88<br \/>\n20.7 &#8211; Sobreviv\u00eancia 89<br \/>\n21 &#8211; Legisla\u00e7\u00e3o 90<br \/>\n22 &#8211; Gloss\u00e1rio 91<br \/>\n23 &#8211; Refer\u00eancias Bibliogr\u00e1ficas 100<br \/>\n24 &#8211; Bibliografia 104<br \/>\n25 &#8211; Internet 107<br \/>\n26 &#8211; V\u00eddeos 116<\/p>\n","protected":false},"excerpt":{"rendered":"<p>Material did\u00e1tico do Curso Livre em Formato Acad\u00eamico sobre Sobreviv\u00eancia em Qualquer Ambiente. Essa li\u00e7\u00e3o trata do assunto &#8216;Bug Out, Evas\u00e3o e Fuga: como se preparar para uma fuga bem-sucedida&#8217;.<\/p>\n<p>Em situa\u00e7\u00f5es extremas, diante do risco de morte, \u00e9 comum precisarmos tomar uma decis\u00e3o repentina de &#8220;lutar ou fugir&#8221;. Assim como existem milhares de t\u00e9cnicas de luta, com a evas\u00e3o ou fuga n\u00e3o \u00e9 diferente. O deslocamento r\u00e1pido com movimentos precisos pode ser uma condi\u00e7\u00e3o para se enfrentar situa\u00e7\u00f5es de sobreviv\u00eancia, quando simplesmente sair correndo n\u00e3o \u00e9 o suficiente ou nem \u00e9 poss\u00edvel. N\u00e3o confie em fantasias mentais infantis ou mesmo em sucessos do passado! Nessa publica\u00e7\u00e3o, voc\u00ea encontrar\u00e1 informa\u00e7\u00f5es valiosas que te orientar\u00e3o na prepara\u00e7\u00e3o para bug out, evas\u00e3o ou fuga. Esteja preparado!<\/p>\n","protected":false},"featured_media":37100,"comment_status":"open","ping_status":"closed","template":"","meta":[],"product_brand":[27],"product_cat":[252,7],"product_tag":[60,49,58,59,61,64,51,62,63,57,29],"class_list":{"0":"post-37133","1":"product","2":"type-product","3":"status-publish","4":"has-post-thumbnail","6":"product_brand-a_vitoria","7":"product_cat-ebooks","8":"product_cat-literatura","9":"product_tag-bug-out","10":"product_tag-bug-out-bag","11":"product_tag-evasao","12":"product_tag-fuga","13":"product_tag-lutar-ou-fugir","14":"product_tag-mochila-de-evasao","15":"product_tag-mochila-de-fuga","16":"product_tag-plano-de-evasao","17":"product_tag-plano-de-fuga","18":"product_tag-resistencia","19":"product_tag-sobrevivencia","21":"first","22":"instock","23":"sale","24":"featured","25":"downloadable","26":"virtual","27":"sold-individually","28":"purchasable","29":"product-type-simple"},"yoast_head":"<!-- This site is optimized with the Yoast SEO plugin v24.1 - https:\/\/yoast.com\/wordpress\/plugins\/seo\/ -->\n<title>Bug Out, Evas\u00e3o e Fuga - 4\u00aa ed - A Vit\u00f3ria : Sobreviv\u00eancia, Sobrevivencialismo, Seguran\u00e7a, Prepara\u00e7\u00e3o, Autossufici\u00eancia, Bushcraft.<\/title>\n<meta name=\"robots\" content=\"index, follow, max-snippet:-1, max-image-preview:large, max-video-preview:-1\" \/>\n<link rel=\"canonical\" href=\"https:\/\/www.avitoria.com.br\/wp\/produto\/bug-out-evasao-e-fuga-4a-ed\/\" \/>\n<meta property=\"og:locale\" content=\"pt_BR\" \/>\n<meta property=\"og:type\" content=\"article\" \/>\n<meta property=\"og:title\" content=\"Bug Out, Evas\u00e3o e Fuga - 4\u00aa ed - A Vit\u00f3ria : Sobreviv\u00eancia, Sobrevivencialismo, Seguran\u00e7a, Prepara\u00e7\u00e3o, Autossufici\u00eancia, Bushcraft.\" \/>\n<meta property=\"og:description\" content=\"Material did\u00e1tico do Curso Livre em Formato Acad\u00eamico sobre Sobreviv\u00eancia em Qualquer Ambiente. Essa li\u00e7\u00e3o trata do assunto &#039;Bug Out, Evas\u00e3o e Fuga: como se preparar para uma fuga bem-sucedida&#039;.  Em situa\u00e7\u00f5es extremas, diante do risco de morte, \u00e9 comum precisarmos tomar uma decis\u00e3o repentina de &quot;lutar ou fugir&quot;. Assim como existem milhares de t\u00e9cnicas de luta, com a evas\u00e3o ou fuga n\u00e3o \u00e9 diferente. O deslocamento r\u00e1pido com movimentos precisos pode ser uma condi\u00e7\u00e3o para se enfrentar situa\u00e7\u00f5es de sobreviv\u00eancia, quando simplesmente sair correndo n\u00e3o \u00e9 o suficiente ou nem \u00e9 poss\u00edvel. N\u00e3o confie em fantasias mentais infantis ou mesmo em sucessos do passado! Nessa publica\u00e7\u00e3o, voc\u00ea encontrar\u00e1 informa\u00e7\u00f5es valiosas que te orientar\u00e3o na prepara\u00e7\u00e3o para bug out, evas\u00e3o ou fuga. Esteja preparado!\" \/>\n<meta property=\"og:url\" content=\"https:\/\/www.avitoria.com.br\/wp\/produto\/bug-out-evasao-e-fuga-4a-ed\/\" \/>\n<meta property=\"og:site_name\" content=\"A Vit\u00f3ria : Sobreviv\u00eancia, Sobrevivencialismo, Seguran\u00e7a, Prepara\u00e7\u00e3o, Autossufici\u00eancia, Bushcraft.\" \/>\n<meta property=\"article:publisher\" content=\"https:\/\/www.facebook.com\/A-Vit%c3%b3ria-200439089974301\/\" \/>\n<meta property=\"article:modified_time\" content=\"2022-04-01T13:59:51+00:00\" \/>\n<meta property=\"og:image\" content=\"https:\/\/www.avitoria.com.br\/wp\/wp-content\/uploads\/SQA_Fuga.jpg\" \/>\n\t<meta property=\"og:image:width\" content=\"2480\" \/>\n\t<meta property=\"og:image:height\" content=\"3508\" \/>\n\t<meta property=\"og:image:type\" content=\"image\/jpeg\" \/>\n<meta name=\"twitter:card\" content=\"summary_large_image\" \/>\n<meta name=\"twitter:label1\" content=\"Est. tempo de leitura\" \/>\n\t<meta name=\"twitter:data1\" content=\"4 minutos\" \/>\n<script type=\"application\/ld+json\" class=\"yoast-schema-graph\">{\"@context\":\"https:\/\/schema.org\",\"@graph\":[{\"@type\":\"WebPage\",\"@id\":\"https:\/\/www.avitoria.com.br\/wp\/produto\/bug-out-evasao-e-fuga-4a-ed\/\",\"url\":\"https:\/\/www.avitoria.com.br\/wp\/produto\/bug-out-evasao-e-fuga-4a-ed\/\",\"name\":\"Bug Out, Evas\u00e3o e Fuga - 4\u00aa ed - A Vit\u00f3ria : Sobreviv\u00eancia, Sobrevivencialismo, Seguran\u00e7a, Prepara\u00e7\u00e3o, Autossufici\u00eancia, Bushcraft.\",\"isPartOf\":{\"@id\":\"https:\/\/www.avitoria.com.br\/wp\/#website\"},\"primaryImageOfPage\":{\"@id\":\"https:\/\/www.avitoria.com.br\/wp\/produto\/bug-out-evasao-e-fuga-4a-ed\/#primaryimage\"},\"image\":{\"@id\":\"https:\/\/www.avitoria.com.br\/wp\/produto\/bug-out-evasao-e-fuga-4a-ed\/#primaryimage\"},\"thumbnailUrl\":\"https:\/\/www.avitoria.com.br\/wp\/wp-content\/uploads\/SQA_Fuga.jpg\",\"datePublished\":\"2022-04-01T13:45:48+00:00\",\"dateModified\":\"2022-04-01T13:59:51+00:00\",\"breadcrumb\":{\"@id\":\"https:\/\/www.avitoria.com.br\/wp\/produto\/bug-out-evasao-e-fuga-4a-ed\/#breadcrumb\"},\"inLanguage\":\"pt-BR\",\"potentialAction\":[{\"@type\":\"ReadAction\",\"target\":[\"https:\/\/www.avitoria.com.br\/wp\/produto\/bug-out-evasao-e-fuga-4a-ed\/\"]}]},{\"@type\":\"ImageObject\",\"inLanguage\":\"pt-BR\",\"@id\":\"https:\/\/www.avitoria.com.br\/wp\/produto\/bug-out-evasao-e-fuga-4a-ed\/#primaryimage\",\"url\":\"https:\/\/www.avitoria.com.br\/wp\/wp-content\/uploads\/SQA_Fuga.jpg\",\"contentUrl\":\"https:\/\/www.avitoria.com.br\/wp\/wp-content\/uploads\/SQA_Fuga.jpg\",\"width\":2480,\"height\":3508,\"caption\":\"Bug out, Evas\u00e3o e fuga\"},{\"@type\":\"BreadcrumbList\",\"@id\":\"https:\/\/www.avitoria.com.br\/wp\/produto\/bug-out-evasao-e-fuga-4a-ed\/#breadcrumb\",\"itemListElement\":[{\"@type\":\"ListItem\",\"position\":1,\"name\":\"In\u00edcio\",\"item\":\"https:\/\/www.avitoria.com.br\/wp\/\"},{\"@type\":\"ListItem\",\"position\":2,\"name\":\"Loja da Vit\u00f3ria\",\"item\":\"https:\/\/www.avitoria.com.br\/wp\/\"},{\"@type\":\"ListItem\",\"position\":3,\"name\":\"Bug Out, Evas\u00e3o e Fuga &#8211; 4\u00aa ed\"}]},{\"@type\":\"WebSite\",\"@id\":\"https:\/\/www.avitoria.com.br\/wp\/#website\",\"url\":\"https:\/\/www.avitoria.com.br\/wp\/\",\"name\":\"A Vit\u00f3ria : Sobreviv\u00eancia, Sobrevivencialismo, Seguran\u00e7a, Prepara\u00e7\u00e3o, Autossufici\u00eancia, Bushcraft.\",\"description\":\"Seguran\u00e7a, Sobreviv\u00eancia, Sobrevivencialismo, prepara\u00e7\u00e3o e autossufici\u00eancia.\",\"publisher\":{\"@id\":\"https:\/\/www.avitoria.com.br\/wp\/#organization\"},\"potentialAction\":[{\"@type\":\"SearchAction\",\"target\":{\"@type\":\"EntryPoint\",\"urlTemplate\":\"https:\/\/www.avitoria.com.br\/wp\/?s={search_term_string}\"},\"query-input\":{\"@type\":\"PropertyValueSpecification\",\"valueRequired\":true,\"valueName\":\"search_term_string\"}}],\"inLanguage\":\"pt-BR\"},{\"@type\":\"Organization\",\"@id\":\"https:\/\/www.avitoria.com.br\/wp\/#organization\",\"name\":\"A Vit\u00f3ria\",\"url\":\"https:\/\/www.avitoria.com.br\/wp\/\",\"logo\":{\"@type\":\"ImageObject\",\"inLanguage\":\"pt-BR\",\"@id\":\"https:\/\/www.avitoria.com.br\/wp\/#\/schema\/logo\/image\/\",\"url\":\"https:\/\/www.avitoria.com.br\/wp\/wp-content\/uploads\/Logo_AVITORIA_5_1000.png\",\"contentUrl\":\"https:\/\/www.avitoria.com.br\/wp\/wp-content\/uploads\/Logo_AVITORIA_5_1000.png\",\"width\":1000,\"height\":148,\"caption\":\"A Vit\u00f3ria\"},\"image\":{\"@id\":\"https:\/\/www.avitoria.com.br\/wp\/#\/schema\/logo\/image\/\"},\"sameAs\":[\"https:\/\/www.facebook.com\/A-Vit\u00f3ria-200439089974301\/\",\"https:\/\/www.instagram.com\/sobrevivencia_urbana_no_brasil\/\"]}]}<\/script>\n<!-- \/ Yoast SEO plugin. -->","yoast_head_json":{"title":"Bug Out, Evas\u00e3o e Fuga - 4\u00aa ed - A Vit\u00f3ria : Sobreviv\u00eancia, Sobrevivencialismo, Seguran\u00e7a, Prepara\u00e7\u00e3o, Autossufici\u00eancia, Bushcraft.","robots":{"index":"index","follow":"follow","max-snippet":"max-snippet:-1","max-image-preview":"max-image-preview:large","max-video-preview":"max-video-preview:-1"},"canonical":"https:\/\/www.avitoria.com.br\/wp\/produto\/bug-out-evasao-e-fuga-4a-ed\/","og_locale":"pt_BR","og_type":"article","og_title":"Bug Out, Evas\u00e3o e Fuga - 4\u00aa ed - A Vit\u00f3ria : Sobreviv\u00eancia, Sobrevivencialismo, Seguran\u00e7a, Prepara\u00e7\u00e3o, Autossufici\u00eancia, Bushcraft.","og_description":"Material did\u00e1tico do Curso Livre em Formato Acad\u00eamico sobre Sobreviv\u00eancia em Qualquer Ambiente. Essa li\u00e7\u00e3o trata do assunto 'Bug Out, Evas\u00e3o e Fuga: como se preparar para uma fuga bem-sucedida'.  Em situa\u00e7\u00f5es extremas, diante do risco de morte, \u00e9 comum precisarmos tomar uma decis\u00e3o repentina de \"lutar ou fugir\". Assim como existem milhares de t\u00e9cnicas de luta, com a evas\u00e3o ou fuga n\u00e3o \u00e9 diferente. O deslocamento r\u00e1pido com movimentos precisos pode ser uma condi\u00e7\u00e3o para se enfrentar situa\u00e7\u00f5es de sobreviv\u00eancia, quando simplesmente sair correndo n\u00e3o \u00e9 o suficiente ou nem \u00e9 poss\u00edvel. N\u00e3o confie em fantasias mentais infantis ou mesmo em sucessos do passado! Nessa publica\u00e7\u00e3o, voc\u00ea encontrar\u00e1 informa\u00e7\u00f5es valiosas que te orientar\u00e3o na prepara\u00e7\u00e3o para bug out, evas\u00e3o ou fuga. Esteja preparado!","og_url":"https:\/\/www.avitoria.com.br\/wp\/produto\/bug-out-evasao-e-fuga-4a-ed\/","og_site_name":"A Vit\u00f3ria : Sobreviv\u00eancia, Sobrevivencialismo, Seguran\u00e7a, Prepara\u00e7\u00e3o, Autossufici\u00eancia, Bushcraft.","article_publisher":"https:\/\/www.facebook.com\/A-Vit%c3%b3ria-200439089974301\/","article_modified_time":"2022-04-01T13:59:51+00:00","og_image":[{"width":2480,"height":3508,"url":"https:\/\/www.avitoria.com.br\/wp\/wp-content\/uploads\/SQA_Fuga.jpg","type":"image\/jpeg"}],"twitter_card":"summary_large_image","twitter_misc":{"Est. tempo de leitura":"4 minutos"},"schema":{"@context":"https:\/\/schema.org","@graph":[{"@type":"WebPage","@id":"https:\/\/www.avitoria.com.br\/wp\/produto\/bug-out-evasao-e-fuga-4a-ed\/","url":"https:\/\/www.avitoria.com.br\/wp\/produto\/bug-out-evasao-e-fuga-4a-ed\/","name":"Bug Out, Evas\u00e3o e Fuga - 4\u00aa ed - A Vit\u00f3ria : Sobreviv\u00eancia, Sobrevivencialismo, Seguran\u00e7a, Prepara\u00e7\u00e3o, Autossufici\u00eancia, Bushcraft.","isPartOf":{"@id":"https:\/\/www.avitoria.com.br\/wp\/#website"},"primaryImageOfPage":{"@id":"https:\/\/www.avitoria.com.br\/wp\/produto\/bug-out-evasao-e-fuga-4a-ed\/#primaryimage"},"image":{"@id":"https:\/\/www.avitoria.com.br\/wp\/produto\/bug-out-evasao-e-fuga-4a-ed\/#primaryimage"},"thumbnailUrl":"https:\/\/www.avitoria.com.br\/wp\/wp-content\/uploads\/SQA_Fuga.jpg","datePublished":"2022-04-01T13:45:48+00:00","dateModified":"2022-04-01T13:59:51+00:00","breadcrumb":{"@id":"https:\/\/www.avitoria.com.br\/wp\/produto\/bug-out-evasao-e-fuga-4a-ed\/#breadcrumb"},"inLanguage":"pt-BR","potentialAction":[{"@type":"ReadAction","target":["https:\/\/www.avitoria.com.br\/wp\/produto\/bug-out-evasao-e-fuga-4a-ed\/"]}]},{"@type":"ImageObject","inLanguage":"pt-BR","@id":"https:\/\/www.avitoria.com.br\/wp\/produto\/bug-out-evasao-e-fuga-4a-ed\/#primaryimage","url":"https:\/\/www.avitoria.com.br\/wp\/wp-content\/uploads\/SQA_Fuga.jpg","contentUrl":"https:\/\/www.avitoria.com.br\/wp\/wp-content\/uploads\/SQA_Fuga.jpg","width":2480,"height":3508,"caption":"Bug out, Evas\u00e3o e fuga"},{"@type":"BreadcrumbList","@id":"https:\/\/www.avitoria.com.br\/wp\/produto\/bug-out-evasao-e-fuga-4a-ed\/#breadcrumb","itemListElement":[{"@type":"ListItem","position":1,"name":"In\u00edcio","item":"https:\/\/www.avitoria.com.br\/wp\/"},{"@type":"ListItem","position":2,"name":"Loja da Vit\u00f3ria","item":"https:\/\/www.avitoria.com.br\/wp\/"},{"@type":"ListItem","position":3,"name":"Bug Out, Evas\u00e3o e Fuga &#8211; 4\u00aa ed"}]},{"@type":"WebSite","@id":"https:\/\/www.avitoria.com.br\/wp\/#website","url":"https:\/\/www.avitoria.com.br\/wp\/","name":"A Vit\u00f3ria : Sobreviv\u00eancia, Sobrevivencialismo, Seguran\u00e7a, Prepara\u00e7\u00e3o, Autossufici\u00eancia, Bushcraft.","description":"Seguran\u00e7a, Sobreviv\u00eancia, Sobrevivencialismo, prepara\u00e7\u00e3o e autossufici\u00eancia.","publisher":{"@id":"https:\/\/www.avitoria.com.br\/wp\/#organization"},"potentialAction":[{"@type":"SearchAction","target":{"@type":"EntryPoint","urlTemplate":"https:\/\/www.avitoria.com.br\/wp\/?s={search_term_string}"},"query-input":{"@type":"PropertyValueSpecification","valueRequired":true,"valueName":"search_term_string"}}],"inLanguage":"pt-BR"},{"@type":"Organization","@id":"https:\/\/www.avitoria.com.br\/wp\/#organization","name":"A Vit\u00f3ria","url":"https:\/\/www.avitoria.com.br\/wp\/","logo":{"@type":"ImageObject","inLanguage":"pt-BR","@id":"https:\/\/www.avitoria.com.br\/wp\/#\/schema\/logo\/image\/","url":"https:\/\/www.avitoria.com.br\/wp\/wp-content\/uploads\/Logo_AVITORIA_5_1000.png","contentUrl":"https:\/\/www.avitoria.com.br\/wp\/wp-content\/uploads\/Logo_AVITORIA_5_1000.png","width":1000,"height":148,"caption":"A Vit\u00f3ria"},"image":{"@id":"https:\/\/www.avitoria.com.br\/wp\/#\/schema\/logo\/image\/"},"sameAs":["https:\/\/www.facebook.com\/A-Vit\u00f3ria-200439089974301\/","https:\/\/www.instagram.com\/sobrevivencia_urbana_no_brasil\/"]}]}},"_links":{"self":[{"href":"https:\/\/www.avitoria.com.br\/wp\/wp-json\/wp\/v2\/product\/37133","targetHints":{"allow":["GET"]}}],"collection":[{"href":"https:\/\/www.avitoria.com.br\/wp\/wp-json\/wp\/v2\/product"}],"about":[{"href":"https:\/\/www.avitoria.com.br\/wp\/wp-json\/wp\/v2\/types\/product"}],"replies":[{"embeddable":true,"href":"https:\/\/www.avitoria.com.br\/wp\/wp-json\/wp\/v2\/comments?post=37133"}],"wp:featuredmedia":[{"embeddable":true,"href":"https:\/\/www.avitoria.com.br\/wp\/wp-json\/wp\/v2\/media\/37100"}],"wp:attachment":[{"href":"https:\/\/www.avitoria.com.br\/wp\/wp-json\/wp\/v2\/media?parent=37133"}],"wp:term":[{"taxonomy":"product_brand","embeddable":true,"href":"https:\/\/www.avitoria.com.br\/wp\/wp-json\/wp\/v2\/product_brand?post=37133"},{"taxonomy":"product_cat","embeddable":true,"href":"https:\/\/www.avitoria.com.br\/wp\/wp-json\/wp\/v2\/product_cat?post=37133"},{"taxonomy":"product_tag","embeddable":true,"href":"https:\/\/www.avitoria.com.br\/wp\/wp-json\/wp\/v2\/product_tag?post=37133"}],"curies":[{"name":"wp","href":"https:\/\/api.w.org\/{rel}","templated":true}]}}